{"id":1601,"date":"2019-04-01T10:20:28","date_gmt":"2019-04-01T10:20:28","guid":{"rendered":"http:\/\/avantage.bold-themes.com\/business\/?page_id=1601"},"modified":"2024-09-11T11:15:32","modified_gmt":"2024-09-11T11:15:32","slug":"contactos","status":"publish","type":"page","link":"https:\/\/portugalmortgageexperts.com\/zh\/contactos\/","title":{"rendered":"\u8054\u7cfb\u65b9\u5f0f"},"content":{"rendered":"<p><section data-bb-version=\"4.9.1\" id=\"bt_bb_section69fdf4203bb95\" class=\"bt_bb_section bt_bb_layout_boxed_1600 bt_bb_vertical_align_top bt_bb_top_spacing_large bt_bb_bottom_spacing_none\"  data-bt-override-class=\"{&quot;bt_bb_top_spacing_&quot;:{&quot;current_class&quot;:&quot;bt_bb_top_spacing_large&quot;,&quot;def&quot;:&quot;large&quot;},&quot;bt_bb_bottom_spacing_&quot;:{&quot;current_class&quot;:&quot;bt_bb_bottom_spacing_none&quot;,&quot;def&quot;:&quot;none&quot;}}\"><div class=\"bt_bb_port\"><div class=\"bt_bb_cell\"><div class=\"bt_bb_cell_inner\"><div data-bb-version=\"4.9.1\" class=\"bt_bb_row  bt_bb_column_gap_medium\"  data-bt-override-class=\"{}\"><div class=\"bt_bb_row_holder\" ><div  class=\"bt_bb_column col-xxl-6 col-xl-6 bt_bb_vertical_align_top bt_bb_align_left bt_bb_padding_normal bt_bb_animation_fade_in animate\"  data-width=\"6\" data-bt-override-class=\"{}\"><div class=\"bt_bb_column_content\"><header class=\"bt_bb_headline bt_bb_font_weight_900 bt_bb_dash_top bt_bb_superheadline bt_bb_subheadline bt_bb_size_extralarge bt_bb_align_inherit\" data-bt-override-class=\"{}\"><h2 class=\"bt_bb_headline_tag\"><span class=\"bt_bb_headline_superheadline\">\u8461\u8404\u7259\u62b5\u62bc\u8d37\u6b3e\u4e13\u5bb6<\/span><span class=\"bt_bb_headline_content\"><span><b>\u8c08\u8bdd<\/b> <u>\u7ed9\u6211\u4eec<\/u><\/span><\/span><\/h2><div class=\"bt_bb_headline_subheadline\">\u5982\u679c\u60a8\u6709\u4efb\u4f55\u7591\u95ee\uff0c\u8bf7\u968f\u65f6\u8054\u7cfb\u6211\u4eec\uff01<\/div><\/header><div class=\"bt_bb_separator bt_bb_border_style_none bt_bb_top_spacing_small bt_bb_bottom_spacing_medium\" data-bt-override-class=\"null\"><\/div><\/div><\/div><div  class=\"bt_bb_column col-xxl-6 col-xl-6 bt_bb_vertical_align_top bt_bb_align_left bt_bb_padding_normal bt_bb_animation_fade_in move_up animate\"  data-width=\"6\" data-bt-override-class=\"{}\"><div class=\"bt_bb_column_content\"><div class=\"bt_bb_separator bt_bb_border_style_none bt_bb_bottom_spacing_extra_small\" data-bt-override-class=\"null\"><\/div><div class=\"bt_bb_row_inner\"   data-bt-override-class=\"{}\"><div class=\"bt_bb_row_inner_holder\"  ><div  class=\"bt_bb_column_inner col-xxl-4 col-xl-4 col-xs-12 col-sm-12 col-md-12 col-lg-4 bt_bb_align_center bt_bb_vertical_align_top bt_bb_padding_normal\"  data-width=\"4\" data-bt-override-class=\"{}\"><div class=\"bt_bb_column_inner_content\"><div data-bb-version=\"5.1.2\" class=\"bt_bb_service bt_bb_color_scheme_5 bt_bb_style_filled bt_bb_shape_circle bt_bb_size_large bt_bb_align_inherit bt_bb_font_weight_normal bt_bb_vertical_align_top\" style=\"; --service-primary-color:#191919; --service-secondary-color:#ccb892;\" data-bt-override-class=\"{&quot;bt_bb_size_&quot;:{&quot;current_class&quot;:&quot;bt_bb_size_large&quot;,&quot;def&quot;:&quot;large&quot;},&quot;bt_bb_align_&quot;:{&quot;current_class&quot;:&quot;bt_bb_align_inherit&quot;,&quot;def&quot;:&quot;inherit&quot;}}\"><a href=\"tel:+351 919 290 107\"  target=\"_blank\"  title=\"\u79fb\u52a8\u7535\u8bdd\"  data-ico-economy=\"&#xe91f;\" class=\"bt_bb_icon_holder\"><\/a><div class=\"bt_bb_service_content\"><div class=\"bt_bb_service_content_title\"><a href=\"tel:+351%20919%20290%20107\" target=\"_blank\">\u79fb\u52a8\u7535\u8bdd<\/a><\/div><div class=\"bt_bb_service_content_text\">+351 919 290 107<br \/><br \/>\n* \u62e8\u6253\u5168\u56fd\u79fb\u52a8\u7f51\u7edc<\/div><\/div><\/div><div class=\"bt_bb_separator bt_bb_border_style_none bt_bb_bottom_spacing_normal\" data-bt-override-class=\"null\"><\/div><\/div><\/div><div  class=\"bt_bb_column_inner col-xxl-4 col-xl-4 col-xs-12 col-sm-12 col-md-12 col-lg-4 bt_bb_align_center bt_bb_vertical_align_top bt_bb_padding_normal\"  data-width=\"4\" data-bt-override-class=\"{}\"><div class=\"bt_bb_column_inner_content\"><div class=\"bt_bb_service bt_bb_color_scheme_5 bt_bb_style_filled bt_bb_shape_circle bt_bb_size_large bt_bb_font_weight_normal bt_bb_vertical_align_top\" style=\"; --service-primary-color:#191919; --service-secondary-color:#ccb892;\" data-bt-override-class=\"null\"><a href=\"tel:+351 282 356 496\"  target=\"_blank\"  title=\"\u7535\u8bdd\"  data-ico-economy=\"&#xe91f;\" class=\"bt_bb_icon_holder\"><\/a><div class=\"bt_bb_service_content\"><div class=\"bt_bb_service_content_title\"><a href=\"tel:+351%20282%20356%20496\" target=\"_blank\">\u7535\u8bdd<\/a><\/div><div class=\"bt_bb_service_content_text\">+351 282 356 496<br \/><br \/>\n* \u62e8\u6253\u5168\u56fd\u79fb\u52a8\u7f51\u7edc<\/div><\/div><\/div><div class=\"bt_bb_separator bt_bb_border_style_none bt_bb_bottom_spacing_normal\" data-bt-override-class=\"null\"><\/div><\/div><\/div><div  class=\"bt_bb_column_inner col-xxl-4 col-xl-4 col-xs-12 col-sm-12 col-md-12 col-lg-4 bt_bb_align_center bt_bb_vertical_align_top bt_bb_padding_normal\"  data-width=\"4\" data-bt-override-class=\"{}\"><div class=\"bt_bb_column_inner_content\"><div class=\"bt_bb_service bt_bb_color_scheme_5 bt_bb_style_filled bt_bb_shape_circle bt_bb_size_large bt_bb_font_weight_normal bt_bb_vertical_align_top\" style=\"; --service-primary-color:#191919; --service-secondary-color:#ccb892;\" data-bt-override-class=\"null\"><a href=\"mailto:office@portugalmortgageexperts.com\"  target=\"_self\"  title=\"\u7535\u5b50\u90ae\u4ef6\"  data-ico-businesspeople=\"&#xe905;\" class=\"bt_bb_icon_holder\"><\/a><div class=\"bt_bb_service_content\"><div class=\"bt_bb_service_content_title\"><a href=\"mailto:office@portugalmortgageexperts.com\" target=\"_self\">\u7535\u5b50\u90ae\u4ef6<\/a><\/div><div class=\"bt_bb_service_content_text\">office@portugalmortgageexperts.com<\/div><\/div><\/div><div class=\"bt_bb_separator bt_bb_border_style_none bt_bb_bottom_spacing_normal\" data-bt-override-class=\"null\"><\/div><\/div><\/div><\/div><\/div><\/div><\/div><\/div><\/div><\/div><!-- cell_inner --><\/div><!-- cell --><\/div><!-- port --><\/section><section data-bb-version=\"4.9.8\" id=\"formcntcs\" class=\"bt_bb_section bt_bb_layout_boxed_1200 bt_bb_vertical_align_top bt_bb_top_spacing_none bt_bb_bottom_spacing_medium bt_bb_section_show_left_boxed_content\" style=\"box-shadow: 0 0 100px rgba(0,0,0,.07);\" data-bt-override-class=\"{&quot;bt_bb_top_spacing_&quot;:{&quot;current_class&quot;:&quot;bt_bb_top_spacing_none&quot;,&quot;def&quot;:&quot;none&quot;},&quot;bt_bb_bottom_spacing_&quot;:{&quot;current_class&quot;:&quot;bt_bb_bottom_spacing_medium&quot;,&quot;def&quot;:&quot;medium&quot;}}\"><div class=\"bt_bb_port\"><div class=\"bt_bb_cell\"><div class=\"bt_bb_cell_inner\"><div class=\"bt_bb_row\"  data-bt-override-class=\"{}\"><div class=\"bt_bb_row_holder\" ><div data-bb-version=\"4.9.8\"  class=\"bt_bb_column col-xxl-6 col-xl-6 col-xs-12 col-sm-6 col-md-6 col-lg-6 bt_bb_vertical_align_middle bt_bb_align_left bt_bb_padding_double bt_bb_animation_fade_in move_up animate\"  data-width=\"6\" data-bt-override-class=\"{&quot;bt_bb_align_&quot;:{&quot;current_class&quot;:&quot;bt_bb_align_left&quot;,&quot;def&quot;:&quot;left&quot;},&quot;bt_bb_padding_&quot;:{&quot;current_class&quot;:&quot;bt_bb_padding_double&quot;,&quot;def&quot;:&quot;double&quot;}}\"><div class=\"bt_bb_column_content\"><div class=\"bt_bb_separator bt_bb_border_style_none bt_bb_bottom_spacing_normal\" data-bt-override-class=\"null\"><\/div><div  class=\"bt_bb_text\" ><\/p>\n<p>\u60a8\u4e5f\u53ef\u4ee5\u586b\u5199\u4e0b\u9762\u7684\u8868\u683c\u4e0e\u6211\u4eec\u8054\u7cfb\u3002\u6211\u4eec\u4f1a\u5c3d\u5feb\u7ed9\u60a8\u56de\u590d\u3002<\/p>\n<p>\n<\/div><div class=\"bt_bb_separator bt_bb_border_style_none bt_bb_bottom_spacing_normal\" data-bt-override-class=\"null\"><\/div><div data-bb-version=\"5.0.3\" class=\"bt_bb_contact_form_7\">\n<div class=\"wpcf7 no-js\" id=\"wpcf7-f1521-o1\" lang=\"en-US\" dir=\"ltr\" data-wpcf7-id=\"1521\">\n<div class=\"screen-reader-response\"><p role=\"status\" aria-live=\"polite\" aria-atomic=\"true\"><\/p> <ul><\/ul><\/div>\n<form action=\"\/zh\/wp-json\/wp\/v2\/pages\/1601#wpcf7-f1521-o1\" method=\"post\" class=\"wpcf7-form init\" aria-label=\"Contact form\" novalidate=\"novalidate\" data-status=\"init\" data-trp-original-action=\"\/zh\/wp-json\/wp\/v2\/pages\/1601#wpcf7-f1521-o1\">\n<fieldset class=\"hidden-fields-container\"><input type=\"hidden\" name=\"_wpcf7\" value=\"1521\" \/><input type=\"hidden\" name=\"_wpcf7_version\" value=\"6.1.5\" \/><input type=\"hidden\" name=\"_wpcf7_locale\" value=\"en_US\" \/><input type=\"hidden\" name=\"_wpcf7_unit_tag\" value=\"wpcf7-f1521-o1\" \/><input type=\"hidden\" name=\"_wpcf7_container_post\" value=\"0\" \/><input type=\"hidden\" name=\"_wpcf7_posted_data_hash\" value=\"\" \/><input type=\"hidden\" name=\"_wpcf7_recaptcha_response\" value=\"\" \/>\n<\/fieldset>\n<div class=\"bt_bb_cf7_form bt_bb_cf7_larger_spacing bt_bb_alternate_submit\">\n\t<div class=\"bt_bb_cf7_row\">\n\t\t<div class=\"bt_bb_cf7_element\">\n\t\t\t<p><span class=\"wpcf7-form-control-wrap\" data-name=\"your-name\"><input size=\"40\" maxlength=\"400\" class=\"wpcf7-form-control wpcf7-text wpcf7-validates-as-required\" aria-required=\"true\" aria-invalid=\"false\" placeholder=\"\u59d3\u540d*\" value=\"\" type=\"text\" name=\"your-name\" \/><\/span>\n\t\t\t<\/p>\n\t\t<\/div>\n\t<\/div>\n\t<div class=\"bt_bb_cf7_row\">\n\t\t<div class=\"bt_bb_cf7_element\">\n\t\t\t<p><span class=\"wpcf7-form-control-wrap\" data-name=\"your-email\"><input size=\"40\" maxlength=\"400\" class=\"wpcf7-form-control wpcf7-email wpcf7-validates-as-required wpcf7-text wpcf7-validates-as-email\" aria-required=\"true\" aria-invalid=\"false\" placeholder=\"\u7535\u5b50\u90ae\u4ef6\" value=\"\" type=\"email\" name=\"your-email\" \/><\/span>\n\t\t\t<\/p>\n\t\t<\/div>\n\t<\/div>\n\t<div class=\"bt_bb_cf7_row\">\n\t\t<div class=\"bt_bb_cf7_element\">\n\t\t\t<p><span class=\"wpcf7-form-control-wrap\" data-name=\"menu-937\"><select class=\"wpcf7-form-control wpcf7-select\" aria-invalid=\"false\" name=\"menu-937\"><option value=\"Aquisi\u00e7\u00e3o\">\u8d2d\u7f6e<\/option><option value=\"Constru\u00e7\u00e3o\">\u5efa\u7b51<\/option><option value=\"Liberta\u00e7\u00e3o de Capital\">\u91ca\u653e\u8d44\u672c<\/option><option value=\"Transfer\u00eancia\">\u8f6c\u79fb<\/option><option value=\"Seguro de Vida\">\u4eba\u5bff\u4fdd\u9669<\/option><option value=\"Seguro Multirriscos\">\u591a\u91cd\u98ce\u9669\u4fdd\u9669<\/option><option value=\"Seguro de Sa\u00fade\">\u533b\u7597\u4fdd\u9669<\/option><option value=\"Seguro de Acidentes Pessoais\">\u4eba\u8eab\u610f\u5916\u4fdd\u9669<\/option><\/select><\/span>\n\t\t\t<\/p>\n\t\t<\/div>\n\t<\/div>\n\t<div class=\"bt_bb_cf7_row\">\n\t\t<div class=\"bt_bb_cf7_element\">\n\t\t\t<p><span class=\"wpcf7-form-control-wrap intl_tel-405\"><input class=\"wpcf7-form-control wpcf7-intl_tel wpcf7-validates-as-required wpcf7-intl-tel\" aria-required=\"true\" aria-invalid=\"false\" placeholder=\"\u7535\u8bdd\" data-initialcountry=\"pt\" value=\"\" type=\"tel\" name=\"intl_tel-405-cf7it-national\" \/><input name=\"intl_tel-405\" type=\"hidden\" class=\"wpcf7-intl-tel-full\" \/><input type=\"hidden\" name=\"intl_tel-405-cf7it-country-name\" class=\"wpcf7-intl-tel-country-name\" \/><input type=\"hidden\" name=\"intl_tel-405-cf7it-country-code\" class=\"wpcf7-intl-tel-country-code\" \/><input type=\"hidden\" name=\"intl_tel-405-cf7it-country-iso2\" class=\"wpcf7-intl-tel-country-iso2\" \/><\/span>\n\t\t\t<\/p>\n\t\t<\/div>\n\t<\/div>\n\t<div class=\"bt_bb_cf7_row\">\n\t\t<div class=\"bt_bb_cf7_element\">\n\t\t\t<p><span class=\"wpcf7-form-control-wrap\" data-name=\"your-message\"><textarea cols=\"40\" rows=\"6\" maxlength=\"2000\" class=\"wpcf7-form-control wpcf7-textarea wpcf7-validates-as-required\" aria-required=\"true\" aria-invalid=\"false\" placeholder=\"\u7559\u8a00*\" name=\"your-message\"><\/textarea><\/span>\n\t\t\t<\/p>\n\t\t<\/div>\n\t<\/div>\n\t<div class=\"bt_bb_cf7_row\">\n\t\t<div class=\"bt_bb_cf7_button bt_bb_cf7_element\">\n\t\t\t<p><input class=\"wpcf7-form-control wpcf7-submit has-spinner\" type=\"submit\" value=\"\u53d1\u9001\" \/>\n\t\t\t<\/p>\n\t\t<\/div>\n\t<\/div>\n<\/div><div class=\"wpcf7-response-output\" aria-hidden=\"true\"><\/div>\n<input type=\"hidden\" name=\"trp-form-language\" value=\"zh\"\/><\/form>\n<\/div>\n<\/div><div class=\"bt_bb_separator bt_bb_border_style_none bt_bb_bottom_spacing_normal\" data-bt-override-class=\"null\"><\/div><\/div><\/div><div data-bb-version=\"4.9.8\"  class=\"bt_bb_column col-xxl-6 col-xl-6 col-xs-12 col-sm-6 col-md-6 col-lg-6 bt_bb_vertical_align_top bt_bb_align_left bt_bb_padding_normal bt_bb_hidden_xs bt_bb_hidden_ms\"  data-width=\"6\" data-bt-override-class=\"{&quot;bt_bb_align_&quot;:{&quot;current_class&quot;:&quot;bt_bb_align_left&quot;,&quot;def&quot;:&quot;left&quot;},&quot;bt_bb_padding_&quot;:{&quot;current_class&quot;:&quot;bt_bb_padding_normal&quot;,&quot;def&quot;:&quot;normal&quot;}}\"><div class=\"bt_bb_column_content\"><div class=\"bt_bb_separator bt_bb_border_style_none bt_bb_bottom_spacing_normal\" data-bt-override-class=\"null\"><\/div><div data-bb-version=\"4.9.8\" class=\"bt_bb_image bt_bb_shape_square bt_bb_target_self bt_bb_align_inherit bt_bb_hover_style_simple bt_bb_content_display_always bt_bb_content_align_middle bt_bb_fill_background_color_full\" data-bt-override-class=\"{&quot;bt_bb_align_&quot;:{&quot;current_class&quot;:&quot;bt_bb_align_inherit&quot;,&quot;def&quot;:&quot;inherit&quot;},&quot;bt_bb_content_display_&quot;:{&quot;current_class&quot;:&quot;bt_bb_content_display_always&quot;,&quot;def&quot;:&quot;always&quot;}}\"><span><img loading=\"lazy\" decoding=\"async\" width=\"2560\" height=\"1440\" src=\"https:\/\/portugalmortgageexperts.com\/wp-content\/uploads\/2024\/06\/close-up-man-checking-mobile-2-scaled.jpg\" class=\"attachment-full size-full\" alt=\"https:\/\/portugalmortgageexperts.com\/wp-content\/uploads\/2024\/06\/close-up-man-checking-mobile-2-scaled.jpg\" data-full_image_src=\"https:\/\/portugalmortgageexperts.com\/wp-content\/uploads\/2024\/06\/close-up-man-checking-mobile-2-scaled.jpg\" title=\"close-up-man-checking-mobile (2)\" srcset=\"https:\/\/portugalmortgageexperts.com\/wp-content\/uploads\/2024\/06\/close-up-man-checking-mobile-2-scaled.jpg 2560w, https:\/\/portugalmortgageexperts.com\/wp-content\/uploads\/2024\/06\/close-up-man-checking-mobile-2-640x360.jpg 640w, https:\/\/portugalmortgageexperts.com\/wp-content\/uploads\/2024\/06\/close-up-man-checking-mobile-2-1280x720.jpg 1280w, https:\/\/portugalmortgageexperts.com\/wp-content\/uploads\/2024\/06\/close-up-man-checking-mobile-2-768x432.jpg 768w, https:\/\/portugalmortgageexperts.com\/wp-content\/uploads\/2024\/06\/close-up-man-checking-mobile-2-1536x864.jpg 1536w, https:\/\/portugalmortgageexperts.com\/wp-content\/uploads\/2024\/06\/close-up-man-checking-mobile-2-2048x1152.jpg 2048w, https:\/\/portugalmortgageexperts.com\/wp-content\/uploads\/2024\/06\/close-up-man-checking-mobile-2-18x10.jpg 18w, https:\/\/portugalmortgageexperts.com\/wp-content\/uploads\/2024\/06\/close-up-man-checking-mobile-2-320x180.jpg 320w\" sizes=\"auto, (max-width: 2560px) 100vw, 2560px\" \/><\/span><\/div><\/div><\/div><\/div><\/div><\/div><!-- cell_inner --><\/div><!-- cell --><\/div><!-- port --><\/section><\/p>","protected":false},"excerpt":{"rendered":"<p>\u6211\u4eec\u968f\u65f6\u51c6\u5907\u56de\u7b54\u60a8\u7684\u95ee\u9898\uff0c\u503e\u542c\u60a8\u7684\u610f\u89c1\uff0c\u5e76\u4e3a\u60a8\u63d0\u4f9b\u6240\u9700\u7684\u652f\u6301\u3002<\/p>","protected":false},"author":2,"featured_media":3417,"parent":0,"menu_order":0,"comment_status":"closed","ping_status":"closed","template":"","meta":{"_themeisle_gutenberg_block_has_review":false,"footnotes":""},"class_list":["post-1601","page","type-page","status-publish","has-post-thumbnail","hentry"],"yoast_head":"<!-- This site is optimized with the Yoast SEO plugin v27.5 - https:\/\/yoast.com\/product\/yoast-seo-wordpress\/ -->\n<title>Contactos - Portugal Mortgage Experts<\/title>\n<meta name=\"description\" content=\"Estamos dispon\u00edveis para responder \u00e0s suas quest\u00f5es, ouvir os seus coment\u00e1rios e fornecer o suporte que precisa. Para esclarecer qualquer d\u00favida n\u00e3o hesite em entrar em contacto connosco!\" \/>\n<meta name=\"robots\" content=\"index, follow, max-snippet:-1, max-image-preview:large, max-video-preview:-1\" \/>\n<link rel=\"canonical\" href=\"https:\/\/portugalmortgageexperts.com\/zh\/contactos\/\" \/>\n<meta property=\"og:locale\" content=\"zh_CN\" \/>\n<meta property=\"og:type\" content=\"article\" \/>\n<meta property=\"og:title\" content=\"Contactos - Portugal Mortgage Experts\" \/>\n<meta property=\"og:description\" content=\"Estamos dispon\u00edveis para responder \u00e0s suas quest\u00f5es, ouvir os seus coment\u00e1rios e fornecer o suporte que precisa. Para esclarecer qualquer d\u00favida n\u00e3o hesite em entrar em contacto connosco!\" \/>\n<meta property=\"og:url\" content=\"https:\/\/portugalmortgageexperts.com\/zh\/contactos\/\" \/>\n<meta property=\"og:site_name\" content=\"Portugal Mortgage Experts\" \/>\n<meta property=\"article:modified_time\" content=\"2024-09-11T11:15:32+00:00\" \/>\n<meta property=\"og:image\" content=\"https:\/\/portugalmortgageexperts.com\/wp-content\/uploads\/2024\/05\/group-diverse-people-having-business-meeting-scaled.jpg\" \/>\n\t<meta property=\"og:image:width\" content=\"2560\" \/>\n\t<meta property=\"og:image:height\" content=\"1402\" \/>\n\t<meta property=\"og:image:type\" content=\"image\/jpeg\" \/>\n<meta name=\"twitter:card\" content=\"summary_large_image\" \/>\n<meta name=\"twitter:label1\" content=\"\u9884\u8ba1\u9605\u8bfb\u65f6\u95f4\" \/>\n\t<meta name=\"twitter:data1\" content=\"1 \u5206\" \/>\n<script type=\"application\/ld+json\" class=\"yoast-schema-graph\">{\"@context\":\"https:\\\/\\\/schema.org\",\"@graph\":[{\"@type\":\"WebPage\",\"@id\":\"https:\\\/\\\/portugalmortgageexperts.com\\\/contactos\\\/\",\"url\":\"https:\\\/\\\/portugalmortgageexperts.com\\\/contactos\\\/\",\"name\":\"Contactos - Portugal Mortgage Experts\",\"isPartOf\":{\"@id\":\"https:\\\/\\\/portugalmortgageexperts.com\\\/#website\"},\"primaryImageOfPage\":{\"@id\":\"https:\\\/\\\/portugalmortgageexperts.com\\\/contactos\\\/#primaryimage\"},\"image\":{\"@id\":\"https:\\\/\\\/portugalmortgageexperts.com\\\/contactos\\\/#primaryimage\"},\"thumbnailUrl\":\"https:\\\/\\\/portugalmortgageexperts.com\\\/wp-content\\\/uploads\\\/2024\\\/05\\\/group-diverse-people-having-business-meeting-scaled.jpg\",\"datePublished\":\"2019-04-01T10:20:28+00:00\",\"dateModified\":\"2024-09-11T11:15:32+00:00\",\"description\":\"Estamos dispon\u00edveis para responder \u00e0s suas quest\u00f5es, ouvir os seus coment\u00e1rios e fornecer o suporte que precisa. Para esclarecer qualquer d\u00favida n\u00e3o hesite em entrar em contacto connosco!\",\"breadcrumb\":{\"@id\":\"https:\\\/\\\/portugalmortgageexperts.com\\\/contactos\\\/#breadcrumb\"},\"inLanguage\":\"zh-Hans\",\"potentialAction\":[{\"@type\":\"ReadAction\",\"target\":[\"https:\\\/\\\/portugalmortgageexperts.com\\\/contactos\\\/\"]}]},{\"@type\":\"ImageObject\",\"inLanguage\":\"zh-Hans\",\"@id\":\"https:\\\/\\\/portugalmortgageexperts.com\\\/contactos\\\/#primaryimage\",\"url\":\"https:\\\/\\\/portugalmortgageexperts.com\\\/wp-content\\\/uploads\\\/2024\\\/05\\\/group-diverse-people-having-business-meeting-scaled.jpg\",\"contentUrl\":\"https:\\\/\\\/portugalmortgageexperts.com\\\/wp-content\\\/uploads\\\/2024\\\/05\\\/group-diverse-people-having-business-meeting-scaled.jpg\",\"width\":2560,\"height\":1402},{\"@type\":\"BreadcrumbList\",\"@id\":\"https:\\\/\\\/portugalmortgageexperts.com\\\/contactos\\\/#breadcrumb\",\"itemListElement\":[{\"@type\":\"ListItem\",\"position\":1,\"name\":\"Home\",\"item\":\"https:\\\/\\\/portugalmortgageexperts.com\\\/\"},{\"@type\":\"ListItem\",\"position\":2,\"name\":\"Contactos\"}]},{\"@type\":\"WebSite\",\"@id\":\"https:\\\/\\\/portugalmortgageexperts.com\\\/#website\",\"url\":\"https:\\\/\\\/portugalmortgageexperts.com\\\/\",\"name\":\"Portugal Mortgage Experts\",\"description\":\"Credit Solutions\",\"publisher\":{\"@id\":\"https:\\\/\\\/portugalmortgageexperts.com\\\/#organization\"},\"potentialAction\":[{\"@type\":\"SearchAction\",\"target\":{\"@type\":\"EntryPoint\",\"urlTemplate\":\"https:\\\/\\\/portugalmortgageexperts.com\\\/?s={search_term_string}\"},\"query-input\":{\"@type\":\"PropertyValueSpecification\",\"valueRequired\":true,\"valueName\":\"search_term_string\"}}],\"inLanguage\":\"zh-Hans\"},{\"@type\":\"Organization\",\"@id\":\"https:\\\/\\\/portugalmortgageexperts.com\\\/#organization\",\"name\":\"Portugal Mortgage Experts\",\"url\":\"https:\\\/\\\/portugalmortgageexperts.com\\\/\",\"logo\":{\"@type\":\"ImageObject\",\"inLanguage\":\"zh-Hans\",\"@id\":\"https:\\\/\\\/portugalmortgageexperts.com\\\/#\\\/schema\\\/logo\\\/image\\\/\",\"url\":\"https:\\\/\\\/portugalmortgageexperts.com\\\/wp-content\\\/uploads\\\/2024\\\/05\\\/PME_Color_NoBG.png\",\"contentUrl\":\"https:\\\/\\\/portugalmortgageexperts.com\\\/wp-content\\\/uploads\\\/2024\\\/05\\\/PME_Color_NoBG.png\",\"width\":2000,\"height\":358,\"caption\":\"Portugal Mortgage Experts\"},\"image\":{\"@id\":\"https:\\\/\\\/portugalmortgageexperts.com\\\/#\\\/schema\\\/logo\\\/image\\\/\"}}]}<\/script>\n<!-- \/ Yoast SEO plugin. -->","yoast_head_json":{"title":"Contactos - Portugal Mortgage Experts","description":"Estamos dispon\u00edveis para responder \u00e0s suas quest\u00f5es, ouvir os seus coment\u00e1rios e fornecer o suporte que precisa. Para esclarecer qualquer d\u00favida n\u00e3o hesite em entrar em contacto connosco!","robots":{"index":"index","follow":"follow","max-snippet":"max-snippet:-1","max-image-preview":"max-image-preview:large","max-video-preview":"max-video-preview:-1"},"canonical":"https:\/\/portugalmortgageexperts.com\/zh\/contactos\/","og_locale":"zh_CN","og_type":"article","og_title":"Contactos - Portugal Mortgage Experts","og_description":"Estamos dispon\u00edveis para responder \u00e0s suas quest\u00f5es, ouvir os seus coment\u00e1rios e fornecer o suporte que precisa. Para esclarecer qualquer d\u00favida n\u00e3o hesite em entrar em contacto connosco!","og_url":"https:\/\/portugalmortgageexperts.com\/zh\/contactos\/","og_site_name":"Portugal Mortgage Experts","article_modified_time":"2024-09-11T11:15:32+00:00","og_image":[{"width":2560,"height":1402,"url":"https:\/\/portugalmortgageexperts.com\/wp-content\/uploads\/2024\/05\/group-diverse-people-having-business-meeting-scaled.jpg","type":"image\/jpeg"}],"twitter_card":"summary_large_image","twitter_misc":{"\u9884\u8ba1\u9605\u8bfb\u65f6\u95f4":"1 \u5206"},"schema":{"@context":"https:\/\/schema.org","@graph":[{"@type":"WebPage","@id":"https:\/\/portugalmortgageexperts.com\/contactos\/","url":"https:\/\/portugalmortgageexperts.com\/contactos\/","name":"Contactos - Portugal Mortgage Experts","isPartOf":{"@id":"https:\/\/portugalmortgageexperts.com\/#website"},"primaryImageOfPage":{"@id":"https:\/\/portugalmortgageexperts.com\/contactos\/#primaryimage"},"image":{"@id":"https:\/\/portugalmortgageexperts.com\/contactos\/#primaryimage"},"thumbnailUrl":"https:\/\/portugalmortgageexperts.com\/wp-content\/uploads\/2024\/05\/group-diverse-people-having-business-meeting-scaled.jpg","datePublished":"2019-04-01T10:20:28+00:00","dateModified":"2024-09-11T11:15:32+00:00","description":"Estamos dispon\u00edveis para responder \u00e0s suas quest\u00f5es, ouvir os seus coment\u00e1rios e fornecer o suporte que precisa. Para esclarecer qualquer d\u00favida n\u00e3o hesite em entrar em contacto connosco!","breadcrumb":{"@id":"https:\/\/portugalmortgageexperts.com\/contactos\/#breadcrumb"},"inLanguage":"zh-Hans","potentialAction":[{"@type":"ReadAction","target":["https:\/\/portugalmortgageexperts.com\/contactos\/"]}]},{"@type":"ImageObject","inLanguage":"zh-Hans","@id":"https:\/\/portugalmortgageexperts.com\/contactos\/#primaryimage","url":"https:\/\/portugalmortgageexperts.com\/wp-content\/uploads\/2024\/05\/group-diverse-people-having-business-meeting-scaled.jpg","contentUrl":"https:\/\/portugalmortgageexperts.com\/wp-content\/uploads\/2024\/05\/group-diverse-people-having-business-meeting-scaled.jpg","width":2560,"height":1402},{"@type":"BreadcrumbList","@id":"https:\/\/portugalmortgageexperts.com\/contactos\/#breadcrumb","itemListElement":[{"@type":"ListItem","position":1,"name":"Home","item":"https:\/\/portugalmortgageexperts.com\/"},{"@type":"ListItem","position":2,"name":"Contactos"}]},{"@type":"WebSite","@id":"https:\/\/portugalmortgageexperts.com\/#website","url":"https:\/\/portugalmortgageexperts.com\/","name":"\u8461\u8404\u7259\u62b5\u62bc\u8d37\u6b3e\u4e13\u5bb6","description":"\u4fe1\u7528\u89e3\u51b3\u65b9\u6848","publisher":{"@id":"https:\/\/portugalmortgageexperts.com\/#organization"},"potentialAction":[{"@type":"SearchAction","target":{"@type":"EntryPoint","urlTemplate":"https:\/\/portugalmortgageexperts.com\/?s={search_term_string}"},"query-input":{"@type":"PropertyValueSpecification","valueRequired":true,"valueName":"search_term_string"}}],"inLanguage":"zh-Hans"},{"@type":"Organization","@id":"https:\/\/portugalmortgageexperts.com\/#organization","name":"\u8461\u8404\u7259\u62b5\u62bc\u8d37\u6b3e\u4e13\u5bb6","url":"https:\/\/portugalmortgageexperts.com\/","logo":{"@type":"ImageObject","inLanguage":"zh-Hans","@id":"https:\/\/portugalmortgageexperts.com\/#\/schema\/logo\/image\/","url":"https:\/\/portugalmortgageexperts.com\/wp-content\/uploads\/2024\/05\/PME_Color_NoBG.png","contentUrl":"https:\/\/portugalmortgageexperts.com\/wp-content\/uploads\/2024\/05\/PME_Color_NoBG.png","width":2000,"height":358,"caption":"Portugal Mortgage Experts"},"image":{"@id":"https:\/\/portugalmortgageexperts.com\/#\/schema\/logo\/image\/"}}]}},"_links":{"self":[{"href":"https:\/\/portugalmortgageexperts.com\/zh\/wp-json\/wp\/v2\/pages\/1601","targetHints":{"allow":["GET"]}}],"collection":[{"href":"https:\/\/portugalmortgageexperts.com\/zh\/wp-json\/wp\/v2\/pages"}],"about":[{"href":"https:\/\/portugalmortgageexperts.com\/zh\/wp-json\/wp\/v2\/types\/page"}],"author":[{"embeddable":true,"href":"https:\/\/portugalmortgageexperts.com\/zh\/wp-json\/wp\/v2\/users\/2"}],"replies":[{"embeddable":true,"href":"https:\/\/portugalmortgageexperts.com\/zh\/wp-json\/wp\/v2\/comments?post=1601"}],"version-history":[{"count":47,"href":"https:\/\/portugalmortgageexperts.com\/zh\/wp-json\/wp\/v2\/pages\/1601\/revisions"}],"predecessor-version":[{"id":3884,"href":"https:\/\/portugalmortgageexperts.com\/zh\/wp-json\/wp\/v2\/pages\/1601\/revisions\/3884"}],"wp:featuredmedia":[{"embeddable":true,"href":"https:\/\/portugalmortgageexperts.com\/zh\/wp-json\/wp\/v2\/media\/3417"}],"wp:attachment":[{"href":"https:\/\/portugalmortgageexperts.com\/zh\/wp-json\/wp\/v2\/media?parent=1601"}],"curies":[{"name":"wp","href":"https:\/\/api.w.org\/{rel}","templated":true}]}}