{"id":3544,"date":"2024-05-28T15:42:58","date_gmt":"2024-05-28T15:42:58","guid":{"rendered":"https:\/\/portugalmortgageexperts.com\/?page_id=3544"},"modified":"2024-05-31T14:30:30","modified_gmt":"2024-05-31T14:30:30","slug":"intermediacao-de-credito","status":"publish","type":"page","link":"https:\/\/portugalmortgageexperts.com\/de\/intermediacao-de-credito\/","title":{"rendered":"Kreditvermittlung"},"content":{"rendered":"<section data-bb-version=\"4.9.1\" id=\"bt_bb_section69fdf3d1bc67e\" class=\"bt_bb_section bt_bb_layout_boxed_1200 bt_bb_vertical_align_top bt_bb_top_spacing_medium bt_bb_bottom_spacing_medium\"  data-bt-override-class=\"{&quot;bt_bb_top_spacing_&quot;:{&quot;current_class&quot;:&quot;bt_bb_top_spacing_medium&quot;,&quot;def&quot;:&quot;medium&quot;},&quot;bt_bb_bottom_spacing_&quot;:{&quot;current_class&quot;:&quot;bt_bb_bottom_spacing_medium&quot;,&quot;def&quot;:&quot;medium&quot;}}\"><div class=\"bt_bb_port\"><div class=\"bt_bb_cell\"><div class=\"bt_bb_cell_inner\"><div data-bb-version=\"4.9.1\" class=\"bt_bb_row  bt_bb_column_gap_15\" style=\"; --column-gap:15px;\" data-bt-override-class=\"{}\"id=\"intermediacao\"><div class=\"bt_bb_row_holder\" ><div data-bb-version=\"4.9.1\"  class=\"bt_bb_column col-xxl-12 col-xl-12 col-xs-12 col-sm-12 col-md-12 col-lg-12 bt_bb_vertical_align_top bt_bb_align_left bt_bb_padding_normal\"  data-width=\"12\" data-bt-override-class=\"{}\"><div class=\"bt_bb_column_content\"><div data-bb-version=\"4.9.1\"  class=\"bt_bb_text\" ><\/p>\n<ul>\n<li style=\"list-style-type: none;\">\n<ul>\n<li>Zwischenkredit Register-Nr.: 0003386<\/li>\n<\/ul>\n<\/li>\n<\/ul>\n<p>&nbsp;<\/p>\n<ul>\n<li style=\"list-style-type: none;\">\n<ul>\n<li>\u00dcberpr\u00fcfung der Registrierung bei der Bank von Portugal: <a class=\"fui-Link ___1rxvrpe f2hkw1w f3rmtva f1ewtqcl fyind8e f1k6fduh f1w7gpdv fk6fouc fjoy568 figsok6 f1hu3pq6 f11qmguv f19f4twv f1tyq0we f1g0x7ka fhxju0i f1qch9an f1cnd47f fqv5qza f1vmzxwi f1o700av f13mvf36 f1cmlufx f9n3di6 f1ids18y f1tx3yz7 f1deo86v f1eh06m1 f1iescvh fhgqx19 f1olyrje f1p93eir f1nev41a f1h8hb77 f1lqvz6u f10aw75t fsle3fq f17ae5zn\" title=\"https:\/\/www.bportugal.pt\/intermediariocreditofar\/dialogos-reais-mediacao-imobiliaria-unipessoal-lda\" href=\"https:\/\/www.bportugal.pt\/intermediariocreditofar\/dialogos-reais-mediacao-imobiliaria-unipessoal-lda\" target=\"_blank\" rel=\"noreferrer noopener\" aria-label=\"Liga\u00e7\u00e3o https:\/\/www.bportugal.pt\/intermediariocreditofar\/dialogos-reais-mediacao-imobiliaria-unipessoal-lda\">https:\/\/www.bportugal.pt\/intermediariocreditofar\/dialogos-reais-mediacao-imobiliaria-unipessoal-lda<\/a><\/li>\n<\/ul>\n<\/li>\n<\/ul>\n<p>&nbsp;<\/p>\n<ul>\n<li style=\"list-style-type: none;\">\n<ul>\n<li>Kategorie der Kreditvermittler: Verkn\u00fcpfte Kreditvermittler<\/li>\n<\/ul>\n<\/li>\n<\/ul>\n<p>&nbsp;<\/p>\n<ul>\n<li style=\"list-style-type: none;\">\n<ul>\n<li>Ausschlie\u00dflichkeitsregelung: Nein<\/li>\n<\/ul>\n<\/li>\n<\/ul>\n<p>&nbsp;<\/p>\n<ul>\n<li style=\"list-style-type: none;\">\n<ul>\n<li>Erfasste Kreditvertr\u00e4ge:\n<ul>\n<li>Wohnungsbaudarlehen<\/li>\n<li>Verbraucherkredit<\/li>\n<\/ul>\n<\/li>\n<\/ul>\n<\/li>\n<\/ul>\n<p>&nbsp;<\/p>\n<ul>\n<li style=\"list-style-type: none;\">\n<ul>\n<li>Kreditgeber, mit denen Sie einen verbindlichen Vertrag haben:\n<ul>\n<li>BANCO BPI S.A.<\/li>\n<li>CAIXA GERAL DE DEP\u00d3SITOS, S.A.<\/li>\n<li>BANCO CTT, S.A.<\/li>\n<li>BANKINTER, SA &#8211; SUCURSAL EM PORTUGAL<\/li>\n<li>NOVO BANCO, S.A.<\/li>\n<li>BANCO SANTANDER TOTTA, S.A.<\/li>\n<li>UNION DE CR\u00c9DITOS INMOBILI\u00c1RIOS, S.A., ESTABLECIMIENTO FINANCIERO DE CR\u00c9DITO (SOCIEDAD UNIPERSONAL) - SUKKURSAL AUS PORTUGAL<\/li>\n<li>BANCO PRIMUS, SA<\/li>\n<li>UNICRE &#8211; INSTITUI\u00c7\u00c3O FINANCEIRA DE CR\u00c9DITO, S.A.<\/li>\n<li>BNI &#8211; BANCO DE NEG\u00d3CIOS INTERNACIONAL (EUROPA), S.A.<\/li>\n<\/ul>\n<\/li>\n<\/ul>\n<\/li>\n<\/ul>\n<p>&nbsp;<\/p>\n<ul>\n<li style=\"list-style-type: none;\">\n<ul>\n<li>Vom BP zugelassene Kreditvermittlungsdienste:\n<ul>\n<li>Pr\u00e4sentation oder Vorschlag von Kreditvertr\u00e4gen f\u00fcr Verbraucher<\/li>\n<li>Unterst\u00fctzung von Verbrauchern durch vorbereitende Handlungen oder andere vorvertragliche Verwaltungsarbeiten im Zusammenhang mit Kreditvertr\u00e4gen, die nicht von ihnen vorgelegt oder vorgeschlagen wurden.<\/li>\n<li>Abschluss von Kreditvertr\u00e4gen mit Verbrauchern im Auftrag von Kreditgebern<\/li>\n<\/ul>\n<\/li>\n<\/ul>\n<\/li>\n<\/ul>\n<p>&nbsp;<\/p>\n<ul>\n<li style=\"list-style-type: none;\">\n<ul>\n<li>Beratungsdienste: Ja\n<ul>\n<li>Vollst\u00e4ndige Beschr\u00e4nkung der Entgegennahme von Wertgegenst\u00e4nden: Als Kreditvermittler ist es DI\u00c1LOGOS REAIS - MEDIA\u00c7\u00c3O IMOBILI\u00c1RIA UNIPESSOAL, LDA gem\u00e4\u00df Artikel 46 des Gesetzesdekrets 81-C\/2017 vom 7. Juli untersagt, Wertgegenst\u00e4nde im Zusammenhang mit dem Abschluss, der Ausf\u00fchrung und der vorzeitigen Erf\u00fcllung von Kreditvertr\u00e4gen entgegenzunehmen oder zu liefern.<\/li>\n<li>Aufsichtsbeh\u00f6rde f\u00fcr das Kreditwesen: Banco de Portugal<\/li>\n<li>SRC Cr\u00e9dito \u00e0 Habita\u00e7\u00e3o Police Nr.: 2535076 - Hiscox, S.A. - Niederlassung in Portugal<\/li>\n<li>Ablaufdatum des Hypothekarkredits SRC: 17\/06\/2024<\/li>\n<li>Verbraucherkredit CRS-Policennummer: 2535077 - Hiscox, S.A. - Niederlassung in Portugal<\/li>\n<li>Ablaufdatum der CRS-Police f\u00fcr Verbraucherkredite: 17\/06\/2024<\/li>\n<\/ul>\n<\/li>\n<\/ul>\n<\/li>\n<\/ul>\n<p>\n<\/div><\/div><\/div><\/div><\/div><\/div><!-- cell_inner --><\/div><!-- cell --><\/div><!-- port --><\/section>","protected":false},"excerpt":{"rendered":"","protected":false},"author":1,"featured_media":3414,"parent":0,"menu_order":0,"comment_status":"closed","ping_status":"closed","template":"","meta":{"_themeisle_gutenberg_block_has_review":false,"footnotes":""},"class_list":["post-3544","page","type-page","status-publish","has-post-thumbnail","hentry"],"yoast_head":"<!-- This site is optimized with the Yoast SEO plugin v27.5 - https:\/\/yoast.com\/product\/yoast-seo-wordpress\/ -->\n<title>Intermedia\u00e7\u00e3o de Cr\u00e9dito - Portugal Mortgage Experts<\/title>\n<meta name=\"description\" content=\"Intermedia\u00e7\u00e3o de Cr\u00e9dito: N\u00ba Registo Intermedi\u00e1rio de Cr\u00e9dito: 0003386 Verifica\u00e7\u00e3o do registo no Banco de Portugal: https:\/\/www.bportugal.pt\/intermediariocreditofar\/dialogos-reais-mediacao-imobiliaria-unipessoal-lda\" \/>\n<meta name=\"robots\" content=\"index, follow, max-snippet:-1, max-image-preview:large, max-video-preview:-1\" \/>\n<link rel=\"canonical\" href=\"https:\/\/portugalmortgageexperts.com\/de\/intermediacao-de-credito\/\" \/>\n<meta property=\"og:locale\" content=\"de_DE\" \/>\n<meta property=\"og:type\" content=\"article\" \/>\n<meta property=\"og:title\" content=\"Intermedia\u00e7\u00e3o de Cr\u00e9dito - Portugal Mortgage Experts\" \/>\n<meta property=\"og:description\" content=\"Intermedia\u00e7\u00e3o de Cr\u00e9dito: N\u00ba Registo Intermedi\u00e1rio de Cr\u00e9dito: 0003386 Verifica\u00e7\u00e3o do registo no Banco de Portugal: https:\/\/www.bportugal.pt\/intermediariocreditofar\/dialogos-reais-mediacao-imobiliaria-unipessoal-lda\" \/>\n<meta property=\"og:url\" content=\"https:\/\/portugalmortgageexperts.com\/de\/intermediacao-de-credito\/\" \/>\n<meta property=\"og:site_name\" content=\"Portugal Mortgage Experts\" \/>\n<meta property=\"article:modified_time\" content=\"2024-05-31T14:30:30+00:00\" \/>\n<meta property=\"og:image\" content=\"https:\/\/portugalmortgageexperts.com\/wp-content\/uploads\/2024\/05\/standard-quality-control-collage-concept-scaled.jpg\" \/>\n\t<meta property=\"og:image:width\" content=\"2560\" \/>\n\t<meta property=\"og:image:height\" content=\"1708\" \/>\n\t<meta property=\"og:image:type\" content=\"image\/jpeg\" \/>\n<meta name=\"twitter:card\" content=\"summary_large_image\" \/>\n<meta name=\"twitter:label1\" content=\"Gesch\u00e4tzte Lesezeit\" \/>\n\t<meta name=\"twitter:data1\" content=\"3\u00a0Minuten\" \/>\n<script type=\"application\/ld+json\" class=\"yoast-schema-graph\">{\"@context\":\"https:\\\/\\\/schema.org\",\"@graph\":[{\"@type\":\"WebPage\",\"@id\":\"https:\\\/\\\/portugalmortgageexperts.com\\\/en\\\/intermediacao-de-credito\\\/\",\"url\":\"https:\\\/\\\/portugalmortgageexperts.com\\\/en\\\/intermediacao-de-credito\\\/\",\"name\":\"Intermedia\u00e7\u00e3o de Cr\u00e9dito - Portugal Mortgage Experts\",\"isPartOf\":{\"@id\":\"https:\\\/\\\/portugalmortgageexperts.com\\\/#website\"},\"primaryImageOfPage\":{\"@id\":\"https:\\\/\\\/portugalmortgageexperts.com\\\/en\\\/intermediacao-de-credito\\\/#primaryimage\"},\"image\":{\"@id\":\"https:\\\/\\\/portugalmortgageexperts.com\\\/en\\\/intermediacao-de-credito\\\/#primaryimage\"},\"thumbnailUrl\":\"https:\\\/\\\/portugalmortgageexperts.com\\\/wp-content\\\/uploads\\\/2024\\\/05\\\/standard-quality-control-collage-concept-scaled.jpg\",\"datePublished\":\"2024-05-28T15:42:58+00:00\",\"dateModified\":\"2024-05-31T14:30:30+00:00\",\"description\":\"Intermedia\u00e7\u00e3o de Cr\u00e9dito: N\u00ba Registo Intermedi\u00e1rio de Cr\u00e9dito: 0003386 Verifica\u00e7\u00e3o do registo no Banco de Portugal: https:\\\/\\\/www.bportugal.pt\\\/intermediariocreditofar\\\/dialogos-reais-mediacao-imobiliaria-unipessoal-lda\",\"breadcrumb\":{\"@id\":\"https:\\\/\\\/portugalmortgageexperts.com\\\/en\\\/intermediacao-de-credito\\\/#breadcrumb\"},\"inLanguage\":\"de\",\"potentialAction\":[{\"@type\":\"ReadAction\",\"target\":[\"https:\\\/\\\/portugalmortgageexperts.com\\\/en\\\/intermediacao-de-credito\\\/\"]}]},{\"@type\":\"ImageObject\",\"inLanguage\":\"de\",\"@id\":\"https:\\\/\\\/portugalmortgageexperts.com\\\/en\\\/intermediacao-de-credito\\\/#primaryimage\",\"url\":\"https:\\\/\\\/portugalmortgageexperts.com\\\/wp-content\\\/uploads\\\/2024\\\/05\\\/standard-quality-control-collage-concept-scaled.jpg\",\"contentUrl\":\"https:\\\/\\\/portugalmortgageexperts.com\\\/wp-content\\\/uploads\\\/2024\\\/05\\\/standard-quality-control-collage-concept-scaled.jpg\",\"width\":2560,\"height\":1708},{\"@type\":\"BreadcrumbList\",\"@id\":\"https:\\\/\\\/portugalmortgageexperts.com\\\/en\\\/intermediacao-de-credito\\\/#breadcrumb\",\"itemListElement\":[{\"@type\":\"ListItem\",\"position\":1,\"name\":\"Home\",\"item\":\"https:\\\/\\\/portugalmortgageexperts.com\\\/\"},{\"@type\":\"ListItem\",\"position\":2,\"name\":\"Intermedia\u00e7\u00e3o de Cr\u00e9dito\"}]},{\"@type\":\"WebSite\",\"@id\":\"https:\\\/\\\/portugalmortgageexperts.com\\\/#website\",\"url\":\"https:\\\/\\\/portugalmortgageexperts.com\\\/\",\"name\":\"Portugal Mortgage Experts\",\"description\":\"Credit Solutions\",\"publisher\":{\"@id\":\"https:\\\/\\\/portugalmortgageexperts.com\\\/#organization\"},\"potentialAction\":[{\"@type\":\"SearchAction\",\"target\":{\"@type\":\"EntryPoint\",\"urlTemplate\":\"https:\\\/\\\/portugalmortgageexperts.com\\\/?s={search_term_string}\"},\"query-input\":{\"@type\":\"PropertyValueSpecification\",\"valueRequired\":true,\"valueName\":\"search_term_string\"}}],\"inLanguage\":\"de\"},{\"@type\":\"Organization\",\"@id\":\"https:\\\/\\\/portugalmortgageexperts.com\\\/#organization\",\"name\":\"Portugal Mortgage Experts\",\"url\":\"https:\\\/\\\/portugalmortgageexperts.com\\\/\",\"logo\":{\"@type\":\"ImageObject\",\"inLanguage\":\"de\",\"@id\":\"https:\\\/\\\/portugalmortgageexperts.com\\\/#\\\/schema\\\/logo\\\/image\\\/\",\"url\":\"https:\\\/\\\/portugalmortgageexperts.com\\\/wp-content\\\/uploads\\\/2024\\\/05\\\/PME_Color_NoBG.png\",\"contentUrl\":\"https:\\\/\\\/portugalmortgageexperts.com\\\/wp-content\\\/uploads\\\/2024\\\/05\\\/PME_Color_NoBG.png\",\"width\":2000,\"height\":358,\"caption\":\"Portugal Mortgage Experts\"},\"image\":{\"@id\":\"https:\\\/\\\/portugalmortgageexperts.com\\\/#\\\/schema\\\/logo\\\/image\\\/\"}}]}<\/script>\n<!-- \/ Yoast SEO plugin. -->","yoast_head_json":{"title":"Intermedia\u00e7\u00e3o de Cr\u00e9dito - Portugal Mortgage Experts","description":"Intermedia\u00e7\u00e3o de Cr\u00e9dito: N\u00ba Registo Intermedi\u00e1rio de Cr\u00e9dito: 0003386 Verifica\u00e7\u00e3o do registo no Banco de Portugal: https:\/\/www.bportugal.pt\/intermediariocreditofar\/dialogos-reais-mediacao-imobiliaria-unipessoal-lda","robots":{"index":"index","follow":"follow","max-snippet":"max-snippet:-1","max-image-preview":"max-image-preview:large","max-video-preview":"max-video-preview:-1"},"canonical":"https:\/\/portugalmortgageexperts.com\/de\/intermediacao-de-credito\/","og_locale":"de_DE","og_type":"article","og_title":"Intermedia\u00e7\u00e3o de Cr\u00e9dito - Portugal Mortgage Experts","og_description":"Intermedia\u00e7\u00e3o de Cr\u00e9dito: N\u00ba Registo Intermedi\u00e1rio de Cr\u00e9dito: 0003386 Verifica\u00e7\u00e3o do registo no Banco de Portugal: https:\/\/www.bportugal.pt\/intermediariocreditofar\/dialogos-reais-mediacao-imobiliaria-unipessoal-lda","og_url":"https:\/\/portugalmortgageexperts.com\/de\/intermediacao-de-credito\/","og_site_name":"Portugal Mortgage Experts","article_modified_time":"2024-05-31T14:30:30+00:00","og_image":[{"width":2560,"height":1708,"url":"https:\/\/portugalmortgageexperts.com\/wp-content\/uploads\/2024\/05\/standard-quality-control-collage-concept-scaled.jpg","type":"image\/jpeg"}],"twitter_card":"summary_large_image","twitter_misc":{"Gesch\u00e4tzte Lesezeit":"3\u00a0Minuten"},"schema":{"@context":"https:\/\/schema.org","@graph":[{"@type":"WebPage","@id":"https:\/\/portugalmortgageexperts.com\/en\/intermediacao-de-credito\/","url":"https:\/\/portugalmortgageexperts.com\/en\/intermediacao-de-credito\/","name":"Intermedia\u00e7\u00e3o de Cr\u00e9dito - Portugal Mortgage Experts","isPartOf":{"@id":"https:\/\/portugalmortgageexperts.com\/#website"},"primaryImageOfPage":{"@id":"https:\/\/portugalmortgageexperts.com\/en\/intermediacao-de-credito\/#primaryimage"},"image":{"@id":"https:\/\/portugalmortgageexperts.com\/en\/intermediacao-de-credito\/#primaryimage"},"thumbnailUrl":"https:\/\/portugalmortgageexperts.com\/wp-content\/uploads\/2024\/05\/standard-quality-control-collage-concept-scaled.jpg","datePublished":"2024-05-28T15:42:58+00:00","dateModified":"2024-05-31T14:30:30+00:00","description":"Intermedia\u00e7\u00e3o de Cr\u00e9dito: N\u00ba Registo Intermedi\u00e1rio de Cr\u00e9dito: 0003386 Verifica\u00e7\u00e3o do registo no Banco de Portugal: https:\/\/www.bportugal.pt\/intermediariocreditofar\/dialogos-reais-mediacao-imobiliaria-unipessoal-lda","breadcrumb":{"@id":"https:\/\/portugalmortgageexperts.com\/en\/intermediacao-de-credito\/#breadcrumb"},"inLanguage":"de","potentialAction":[{"@type":"ReadAction","target":["https:\/\/portugalmortgageexperts.com\/en\/intermediacao-de-credito\/"]}]},{"@type":"ImageObject","inLanguage":"de","@id":"https:\/\/portugalmortgageexperts.com\/en\/intermediacao-de-credito\/#primaryimage","url":"https:\/\/portugalmortgageexperts.com\/wp-content\/uploads\/2024\/05\/standard-quality-control-collage-concept-scaled.jpg","contentUrl":"https:\/\/portugalmortgageexperts.com\/wp-content\/uploads\/2024\/05\/standard-quality-control-collage-concept-scaled.jpg","width":2560,"height":1708},{"@type":"BreadcrumbList","@id":"https:\/\/portugalmortgageexperts.com\/en\/intermediacao-de-credito\/#breadcrumb","itemListElement":[{"@type":"ListItem","position":1,"name":"Home","item":"https:\/\/portugalmortgageexperts.com\/"},{"@type":"ListItem","position":2,"name":"Intermedia\u00e7\u00e3o de Cr\u00e9dito"}]},{"@type":"WebSite","@id":"https:\/\/portugalmortgageexperts.com\/#website","url":"https:\/\/portugalmortgageexperts.com\/","name":"Portugal Mortgage Experts","description":"Kreditl\u00f6sungen","publisher":{"@id":"https:\/\/portugalmortgageexperts.com\/#organization"},"potentialAction":[{"@type":"SearchAction","target":{"@type":"EntryPoint","urlTemplate":"https:\/\/portugalmortgageexperts.com\/?s={search_term_string}"},"query-input":{"@type":"PropertyValueSpecification","valueRequired":true,"valueName":"search_term_string"}}],"inLanguage":"de"},{"@type":"Organization","@id":"https:\/\/portugalmortgageexperts.com\/#organization","name":"Portugal Mortgage Experts","url":"https:\/\/portugalmortgageexperts.com\/","logo":{"@type":"ImageObject","inLanguage":"de","@id":"https:\/\/portugalmortgageexperts.com\/#\/schema\/logo\/image\/","url":"https:\/\/portugalmortgageexperts.com\/wp-content\/uploads\/2024\/05\/PME_Color_NoBG.png","contentUrl":"https:\/\/portugalmortgageexperts.com\/wp-content\/uploads\/2024\/05\/PME_Color_NoBG.png","width":2000,"height":358,"caption":"Portugal Mortgage Experts"},"image":{"@id":"https:\/\/portugalmortgageexperts.com\/#\/schema\/logo\/image\/"}}]}},"_links":{"self":[{"href":"https:\/\/portugalmortgageexperts.com\/de\/wp-json\/wp\/v2\/pages\/3544","targetHints":{"allow":["GET"]}}],"collection":[{"href":"https:\/\/portugalmortgageexperts.com\/de\/wp-json\/wp\/v2\/pages"}],"about":[{"href":"https:\/\/portugalmortgageexperts.com\/de\/wp-json\/wp\/v2\/types\/page"}],"author":[{"embeddable":true,"href":"https:\/\/portugalmortgageexperts.com\/de\/wp-json\/wp\/v2\/users\/1"}],"replies":[{"embeddable":true,"href":"https:\/\/portugalmortgageexperts.com\/de\/wp-json\/wp\/v2\/comments?post=3544"}],"version-history":[{"count":10,"href":"https:\/\/portugalmortgageexperts.com\/de\/wp-json\/wp\/v2\/pages\/3544\/revisions"}],"predecessor-version":[{"id":3555,"href":"https:\/\/portugalmortgageexperts.com\/de\/wp-json\/wp\/v2\/pages\/3544\/revisions\/3555"}],"wp:featuredmedia":[{"embeddable":true,"href":"https:\/\/portugalmortgageexperts.com\/de\/wp-json\/wp\/v2\/media\/3414"}],"wp:attachment":[{"href":"https:\/\/portugalmortgageexperts.com\/de\/wp-json\/wp\/v2\/media?parent=3544"}],"curies":[{"name":"wp","href":"https:\/\/api.w.org\/{rel}","templated":true}]}}