{"id":1599,"date":"2019-04-01T10:20:23","date_gmt":"2019-04-01T10:20:23","guid":{"rendered":"http:\/\/avantage.bold-themes.com\/business\/?page_id=1599"},"modified":"2024-05-17T10:16:36","modified_gmt":"2024-05-17T10:16:36","slug":"politica-privacidade","status":"publish","type":"page","link":"https:\/\/portugalmortgageexperts.com\/de\/politica-privacidade\/","title":{"rendered":"Datenschutzbestimmungen"},"content":{"rendered":"<section id=\"bt_bb_section69fdf3f065333\" class=\"bt_bb_section bt_bb_layout_boxed_1200 bt_bb_vertical_align_top bt_bb_bottom_section_coverage_image bt_bb_section_with_bottom_coverage_image bt_bb_top_spacing_large bt_bb_bottom_spacing_large\"  data-bt-override-class=\"null\"><div class=\"bt_bb_port\"><div class=\"bt_bb_cell\"><div class=\"bt_bb_cell_inner\"><div data-bb-version=\"4.9.1\" class=\"bt_bb_row\"  data-bt-override-class=\"{}\"><div class=\"bt_bb_row_holder\" ><div data-bb-version=\"4.9.1\"  class=\"bt_bb_column col-xxl-12 col-xl-12 col-xs-12 col-sm-12 col-md-12 col-lg-12 bt_bb_vertical_align_top bt_bb_align_left bt_bb_padding_normal\"  data-width=\"12\" data-bt-override-class=\"{}\"><div class=\"bt_bb_column_content\"><div data-bb-version=\"4.9.1\"  class=\"bt_bb_text\" ><\/p>\n<h4><strong>Datenschutz und Cookie-Richtlinie<\/strong><\/h4>\n<p>Ihre Privatsph\u00e4re ist uns wichtig. Diese Datenschutz- und Cookie-Richtlinie erkl\u00e4rt, wie wir Ihre pers\u00f6nlichen Daten sammeln, verwenden, offenlegen und sch\u00fctzen, sowie die Verwendung von Cookies auf unserer Website.<\/p>\n<p>&nbsp;<\/p>\n<h4><strong>Sammeln von Informationen<\/strong><\/h4>\n<p>Wenn Sie unsere Website besuchen, k\u00f6nnen wir personenbezogene Daten erfassen, die Sie uns zur Verf\u00fcgung stellen, wie z. B. Ihren Namen, Ihre E-Mail-Adresse und Kontaktinformationen. Wir k\u00f6nnen auch automatisch Informationen \u00fcber Ihr Ger\u00e4t und Ihre Nutzung unserer Website durch Cookies und andere Tracking-Technologien erfassen.<\/p>\n<p>&nbsp;<\/p>\n<h4><strong>Verwendung von Informationen<\/strong><\/h4>\n<p>Wir verwenden die von uns gesammelten Informationen, um unsere Dienstleistungen zu erbringen, Ihre Erfahrungen auf der Website zu personalisieren, mit Ihnen zu kommunizieren und unsere Produkte und Dienstleistungen zu verbessern. Wir geben Ihre pers\u00f6nlichen Daten nicht an Dritte weiter, es sei denn, dies ist f\u00fcr die Erbringung unserer Dienstleistungen oder zur Einhaltung der gesetzlichen Vorschriften erforderlich.<\/p>\n<p>&nbsp;<\/p>\n<h4><strong>Cookie-Richtlinie<\/strong><\/h4>\n<p>Cookies sind kleine Textdateien, die auf Ihrem Ger\u00e4t gespeichert werden, wenn Sie eine Website besuchen. Wir verwenden Cookies, um Ihr Surferlebnis zu verbessern, den Website-Verkehr zu analysieren und Inhalte zu personalisieren. Sie k\u00f6nnen die Verwendung von Cookies in den Einstellungen Ihres Browsers kontrollieren. Wenn Sie unsere Website weiter nutzen, stimmen Sie der Verwendung von Cookies gem\u00e4\u00df dieser Richtlinie zu.<\/p>\n<p>&nbsp;<\/p>\n<h4><strong>Schutz von Informationen<\/strong><\/h4>\n<p>Wir ergreifen Ma\u00dfnahmen, um Ihre pers\u00f6nlichen Daten vor unbefugtem Zugriff, Ver\u00e4nderung, Weitergabe oder Zerst\u00f6rung zu sch\u00fctzen. Es ist jedoch wichtig, daran zu denken, dass keine Methode der \u00dcbertragung \u00fcber das Internet oder der elektronischen Speicherung zu 100 % sicher ist.<\/p>\n<p>&nbsp;<\/p>\n<h4><strong>\u00c4nderungen an dieser Politik<\/strong><\/h4>\n<p>Wir behalten uns das Recht vor, diese Datenschutz- und Cookie-Richtlinie von Zeit zu Zeit zu aktualisieren. Wir empfehlen Ihnen, diese Seite regelm\u00e4\u00dfig zu besuchen, um sich \u00fcber etwaige \u00c4nderungen zu informieren. Ihre fortgesetzte Nutzung der Website nach der Ver\u00f6ffentlichung von \u00c4nderungen an dieser Datenschutz- und Cookie-Richtlinie gilt als Zustimmung zu diesen \u00c4nderungen.<\/p>\n<p>&nbsp;<\/p>\n<h4><strong>Kontakt<\/strong><\/h4>\n<p>Wenn Sie Fragen zu dieser Datenschutz- und Cookie-Richtlinie haben, kontaktieren Sie uns bitte unter den auf unserer Website angegebenen Kontaktdaten.<\/p>\n<p>\n<\/div><\/div><\/div><\/div><\/div><\/div><!-- cell_inner --><\/div><!-- cell --><\/div><!-- port --><div class=\"bt_bb_section_bottom_section_coverage_image\"><img decoding=\"async\" src=\"https:\/\/portugalmortgageexperts.com\/wp-content\/uploads\/2020\/05\/blue-curve-bottom-left.png\" alt=\"bt_bb_section_bottom_section_coverage_image\" \/><\/div><\/section>","protected":false},"excerpt":{"rendered":"","protected":false},"author":2,"featured_media":3414,"parent":0,"menu_order":0,"comment_status":"closed","ping_status":"closed","template":"","meta":{"_themeisle_gutenberg_block_has_review":false,"footnotes":""},"class_list":["post-1599","page","type-page","status-publish","has-post-thumbnail","hentry"],"yoast_head":"<!-- This site is optimized with the Yoast SEO plugin v27.5 - https:\/\/yoast.com\/product\/yoast-seo-wordpress\/ -->\n<title>Pol\u00edtica de Privacidade - Portugal Mortgage Experts<\/title>\n<meta name=\"robots\" content=\"index, follow, max-snippet:-1, max-image-preview:large, max-video-preview:-1\" \/>\n<link rel=\"canonical\" href=\"https:\/\/portugalmortgageexperts.com\/de\/politica-privacidade\/\" \/>\n<meta property=\"og:locale\" content=\"de_DE\" \/>\n<meta property=\"og:type\" content=\"article\" \/>\n<meta property=\"og:title\" content=\"Pol\u00edtica de Privacidade - Portugal Mortgage Experts\" \/>\n<meta property=\"og:url\" content=\"https:\/\/portugalmortgageexperts.com\/de\/politica-privacidade\/\" \/>\n<meta property=\"og:site_name\" content=\"Portugal Mortgage Experts\" \/>\n<meta property=\"article:modified_time\" content=\"2024-05-17T10:16:36+00:00\" \/>\n<meta property=\"og:image\" content=\"https:\/\/portugalmortgageexperts.com\/wp-content\/uploads\/2024\/05\/standard-quality-control-collage-concept-scaled.jpg\" \/>\n\t<meta property=\"og:image:width\" content=\"2560\" \/>\n\t<meta property=\"og:image:height\" content=\"1708\" \/>\n\t<meta property=\"og:image:type\" content=\"image\/jpeg\" \/>\n<meta name=\"twitter:card\" content=\"summary_large_image\" \/>\n<meta name=\"twitter:label1\" content=\"Gesch\u00e4tzte Lesezeit\" \/>\n\t<meta name=\"twitter:data1\" content=\"4\u00a0Minuten\" \/>\n<script type=\"application\/ld+json\" class=\"yoast-schema-graph\">{\"@context\":\"https:\\\/\\\/schema.org\",\"@graph\":[{\"@type\":\"WebPage\",\"@id\":\"https:\\\/\\\/portugalmortgageexperts.com\\\/en\\\/politica-privacidade\\\/\",\"url\":\"https:\\\/\\\/portugalmortgageexperts.com\\\/en\\\/politica-privacidade\\\/\",\"name\":\"Pol\u00edtica de Privacidade - Portugal Mortgage Experts\",\"isPartOf\":{\"@id\":\"https:\\\/\\\/portugalmortgageexperts.com\\\/#website\"},\"primaryImageOfPage\":{\"@id\":\"https:\\\/\\\/portugalmortgageexperts.com\\\/en\\\/politica-privacidade\\\/#primaryimage\"},\"image\":{\"@id\":\"https:\\\/\\\/portugalmortgageexperts.com\\\/en\\\/politica-privacidade\\\/#primaryimage\"},\"thumbnailUrl\":\"https:\\\/\\\/portugalmortgageexperts.com\\\/wp-content\\\/uploads\\\/2024\\\/05\\\/standard-quality-control-collage-concept-scaled.jpg\",\"datePublished\":\"2019-04-01T10:20:23+00:00\",\"dateModified\":\"2024-05-17T10:16:36+00:00\",\"breadcrumb\":{\"@id\":\"https:\\\/\\\/portugalmortgageexperts.com\\\/en\\\/politica-privacidade\\\/#breadcrumb\"},\"inLanguage\":\"de\",\"potentialAction\":[{\"@type\":\"ReadAction\",\"target\":[\"https:\\\/\\\/portugalmortgageexperts.com\\\/en\\\/politica-privacidade\\\/\"]}]},{\"@type\":\"ImageObject\",\"inLanguage\":\"de\",\"@id\":\"https:\\\/\\\/portugalmortgageexperts.com\\\/en\\\/politica-privacidade\\\/#primaryimage\",\"url\":\"https:\\\/\\\/portugalmortgageexperts.com\\\/wp-content\\\/uploads\\\/2024\\\/05\\\/standard-quality-control-collage-concept-scaled.jpg\",\"contentUrl\":\"https:\\\/\\\/portugalmortgageexperts.com\\\/wp-content\\\/uploads\\\/2024\\\/05\\\/standard-quality-control-collage-concept-scaled.jpg\",\"width\":2560,\"height\":1708},{\"@type\":\"BreadcrumbList\",\"@id\":\"https:\\\/\\\/portugalmortgageexperts.com\\\/en\\\/politica-privacidade\\\/#breadcrumb\",\"itemListElement\":[{\"@type\":\"ListItem\",\"position\":1,\"name\":\"Home\",\"item\":\"https:\\\/\\\/portugalmortgageexperts.com\\\/\"},{\"@type\":\"ListItem\",\"position\":2,\"name\":\"Pol\u00edtica de Privacidade\"}]},{\"@type\":\"WebSite\",\"@id\":\"https:\\\/\\\/portugalmortgageexperts.com\\\/#website\",\"url\":\"https:\\\/\\\/portugalmortgageexperts.com\\\/\",\"name\":\"Portugal Mortgage Experts\",\"description\":\"Credit Solutions\",\"publisher\":{\"@id\":\"https:\\\/\\\/portugalmortgageexperts.com\\\/#organization\"},\"potentialAction\":[{\"@type\":\"SearchAction\",\"target\":{\"@type\":\"EntryPoint\",\"urlTemplate\":\"https:\\\/\\\/portugalmortgageexperts.com\\\/?s={search_term_string}\"},\"query-input\":{\"@type\":\"PropertyValueSpecification\",\"valueRequired\":true,\"valueName\":\"search_term_string\"}}],\"inLanguage\":\"de\"},{\"@type\":\"Organization\",\"@id\":\"https:\\\/\\\/portugalmortgageexperts.com\\\/#organization\",\"name\":\"Portugal Mortgage Experts\",\"url\":\"https:\\\/\\\/portugalmortgageexperts.com\\\/\",\"logo\":{\"@type\":\"ImageObject\",\"inLanguage\":\"de\",\"@id\":\"https:\\\/\\\/portugalmortgageexperts.com\\\/#\\\/schema\\\/logo\\\/image\\\/\",\"url\":\"https:\\\/\\\/portugalmortgageexperts.com\\\/wp-content\\\/uploads\\\/2024\\\/05\\\/PME_Color_NoBG.png\",\"contentUrl\":\"https:\\\/\\\/portugalmortgageexperts.com\\\/wp-content\\\/uploads\\\/2024\\\/05\\\/PME_Color_NoBG.png\",\"width\":2000,\"height\":358,\"caption\":\"Portugal Mortgage Experts\"},\"image\":{\"@id\":\"https:\\\/\\\/portugalmortgageexperts.com\\\/#\\\/schema\\\/logo\\\/image\\\/\"}}]}<\/script>\n<!-- \/ Yoast SEO plugin. -->","yoast_head_json":{"title":"Pol\u00edtica de Privacidade - Portugal Mortgage Experts","robots":{"index":"index","follow":"follow","max-snippet":"max-snippet:-1","max-image-preview":"max-image-preview:large","max-video-preview":"max-video-preview:-1"},"canonical":"https:\/\/portugalmortgageexperts.com\/de\/politica-privacidade\/","og_locale":"de_DE","og_type":"article","og_title":"Pol\u00edtica de Privacidade - Portugal Mortgage Experts","og_url":"https:\/\/portugalmortgageexperts.com\/de\/politica-privacidade\/","og_site_name":"Portugal Mortgage Experts","article_modified_time":"2024-05-17T10:16:36+00:00","og_image":[{"width":2560,"height":1708,"url":"https:\/\/portugalmortgageexperts.com\/wp-content\/uploads\/2024\/05\/standard-quality-control-collage-concept-scaled.jpg","type":"image\/jpeg"}],"twitter_card":"summary_large_image","twitter_misc":{"Gesch\u00e4tzte Lesezeit":"4\u00a0Minuten"},"schema":{"@context":"https:\/\/schema.org","@graph":[{"@type":"WebPage","@id":"https:\/\/portugalmortgageexperts.com\/en\/politica-privacidade\/","url":"https:\/\/portugalmortgageexperts.com\/en\/politica-privacidade\/","name":"Pol\u00edtica de Privacidade - Portugal Mortgage Experts","isPartOf":{"@id":"https:\/\/portugalmortgageexperts.com\/#website"},"primaryImageOfPage":{"@id":"https:\/\/portugalmortgageexperts.com\/en\/politica-privacidade\/#primaryimage"},"image":{"@id":"https:\/\/portugalmortgageexperts.com\/en\/politica-privacidade\/#primaryimage"},"thumbnailUrl":"https:\/\/portugalmortgageexperts.com\/wp-content\/uploads\/2024\/05\/standard-quality-control-collage-concept-scaled.jpg","datePublished":"2019-04-01T10:20:23+00:00","dateModified":"2024-05-17T10:16:36+00:00","breadcrumb":{"@id":"https:\/\/portugalmortgageexperts.com\/en\/politica-privacidade\/#breadcrumb"},"inLanguage":"de","potentialAction":[{"@type":"ReadAction","target":["https:\/\/portugalmortgageexperts.com\/en\/politica-privacidade\/"]}]},{"@type":"ImageObject","inLanguage":"de","@id":"https:\/\/portugalmortgageexperts.com\/en\/politica-privacidade\/#primaryimage","url":"https:\/\/portugalmortgageexperts.com\/wp-content\/uploads\/2024\/05\/standard-quality-control-collage-concept-scaled.jpg","contentUrl":"https:\/\/portugalmortgageexperts.com\/wp-content\/uploads\/2024\/05\/standard-quality-control-collage-concept-scaled.jpg","width":2560,"height":1708},{"@type":"BreadcrumbList","@id":"https:\/\/portugalmortgageexperts.com\/en\/politica-privacidade\/#breadcrumb","itemListElement":[{"@type":"ListItem","position":1,"name":"Home","item":"https:\/\/portugalmortgageexperts.com\/"},{"@type":"ListItem","position":2,"name":"Pol\u00edtica de Privacidade"}]},{"@type":"WebSite","@id":"https:\/\/portugalmortgageexperts.com\/#website","url":"https:\/\/portugalmortgageexperts.com\/","name":"Portugal Mortgage Experts","description":"Kreditl\u00f6sungen","publisher":{"@id":"https:\/\/portugalmortgageexperts.com\/#organization"},"potentialAction":[{"@type":"SearchAction","target":{"@type":"EntryPoint","urlTemplate":"https:\/\/portugalmortgageexperts.com\/?s={search_term_string}"},"query-input":{"@type":"PropertyValueSpecification","valueRequired":true,"valueName":"search_term_string"}}],"inLanguage":"de"},{"@type":"Organization","@id":"https:\/\/portugalmortgageexperts.com\/#organization","name":"Portugal Mortgage Experts","url":"https:\/\/portugalmortgageexperts.com\/","logo":{"@type":"ImageObject","inLanguage":"de","@id":"https:\/\/portugalmortgageexperts.com\/#\/schema\/logo\/image\/","url":"https:\/\/portugalmortgageexperts.com\/wp-content\/uploads\/2024\/05\/PME_Color_NoBG.png","contentUrl":"https:\/\/portugalmortgageexperts.com\/wp-content\/uploads\/2024\/05\/PME_Color_NoBG.png","width":2000,"height":358,"caption":"Portugal Mortgage Experts"},"image":{"@id":"https:\/\/portugalmortgageexperts.com\/#\/schema\/logo\/image\/"}}]}},"_links":{"self":[{"href":"https:\/\/portugalmortgageexperts.com\/de\/wp-json\/wp\/v2\/pages\/1599","targetHints":{"allow":["GET"]}}],"collection":[{"href":"https:\/\/portugalmortgageexperts.com\/de\/wp-json\/wp\/v2\/pages"}],"about":[{"href":"https:\/\/portugalmortgageexperts.com\/de\/wp-json\/wp\/v2\/types\/page"}],"author":[{"embeddable":true,"href":"https:\/\/portugalmortgageexperts.com\/de\/wp-json\/wp\/v2\/users\/2"}],"replies":[{"embeddable":true,"href":"https:\/\/portugalmortgageexperts.com\/de\/wp-json\/wp\/v2\/comments?post=1599"}],"version-history":[{"count":6,"href":"https:\/\/portugalmortgageexperts.com\/de\/wp-json\/wp\/v2\/pages\/1599\/revisions"}],"predecessor-version":[{"id":3413,"href":"https:\/\/portugalmortgageexperts.com\/de\/wp-json\/wp\/v2\/pages\/1599\/revisions\/3413"}],"wp:featuredmedia":[{"embeddable":true,"href":"https:\/\/portugalmortgageexperts.com\/de\/wp-json\/wp\/v2\/media\/3414"}],"wp:attachment":[{"href":"https:\/\/portugalmortgageexperts.com\/de\/wp-json\/wp\/v2\/media?parent=1599"}],"curies":[{"name":"wp","href":"https:\/\/api.w.org\/{rel}","templated":true}]}}